{"id":925,"date":"2024-12-12T16:33:37","date_gmt":"2024-12-12T16:33:37","guid":{"rendered":"https:\/\/byteflows.net\/wp\/mydocto\/?page_id=925"},"modified":"2026-04-29T16:21:40","modified_gmt":"2026-04-29T13:21:40","slug":"contact-us","status":"publish","type":"page","link":"https:\/\/maslakfiziktedavi.com\/en\/contact\/","title":{"rendered":"Contact"},"content":{"rendered":"<div data-elementor-type=\"wp-page\" data-elementor-id=\"925\" class=\"elementor elementor-925\">\n\t\t\t\t\t\t<section class=\"elementor-section elementor-top-section elementor-element elementor-element-f49f8b6 elementor-section-boxed elementor-section-height-default elementor-section-height-default\" data-id=\"f49f8b6\" data-element_type=\"section\">\n\t\t\t\t\t\t<div class=\"elementor-container elementor-column-gap-default\">\n\t\t\t\t\t<div class=\"elementor-column elementor-col-33 elementor-top-column elementor-element elementor-element-0984764\" data-id=\"0984764\" data-element_type=\"column\">\n\t\t\t<div class=\"elementor-widget-wrap elementor-element-populated\">\n\t\t\t\t\t\t<div class=\"elementor-element elementor-element-930c405 elementor-widget elementor-widget-bdoctor-ct-info-tw\" data-id=\"930c405\" data-element_type=\"widget\" data-widget_type=\"bdoctor-ct-info-tw.default\">\n\t\t\t\t<div class=\"elementor-widget-container\">\n\t\t\t\t\t    <div class=\"contact__info-wrapper-two\">\r\n        <div class=\"contact__info-box\">\r\n            <div class=\"bdoctor__section-heading small\">\r\n                <h2>Contact Information<\/h2>\r\n                                    <p>You can contact us by phone, whatsapp, e-mail and appointment form for appointment and information.<\/p>\r\n                            <\/div>\r\n\t\t\t<div class=\"infos\">\r\n\t\t\t\t<ul>\r\n\t\t\t\t\t\t\t\t\t\t\t<li>\r\n\t\t\t\t\t\t\t<div class=\"icon\">\r\n                                <i aria-hidden=\"true\" class=\"fas fa-map-marker-alt\"><\/i>                            <\/div>\r\n\t\t\t\t\t\t\t<div class=\"content\">\r\n                                <h6>Address<\/h6>\r\n                                <p>Maslak Meydan Sk. Beybi Giz Plaza No:1 D:2 Sar\u0131yer - Istanbul<\/p>\r\n                            <\/div>\r\n\t\t\t\t\t\t<\/li>\r\n\t\t\t\t\t\t\t\t\t\t\t<li>\r\n\t\t\t\t\t\t\t<div class=\"icon\">\r\n                                <i aria-hidden=\"true\" class=\"fas fa-phone-alt\"><\/i>                            <\/div>\r\n\t\t\t\t\t\t\t<div class=\"content\">\r\n                                <h6>Telephone<\/h6>\r\n                                <p><a href=\"tel:+905302264020\" target=\"_blank\">0530 226 40 20<\/a><br \/>\n<a href=\"tel:+905334144020\" target=\"_blank\">0533 414 40 20<\/a><\/p>\r\n                            <\/div>\r\n\t\t\t\t\t\t<\/li>\r\n\t\t\t\t\t\t\t\t\t\t\t<li>\r\n\t\t\t\t\t\t\t<div class=\"icon\">\r\n                                <i aria-hidden=\"true\" class=\"fab fa-whatsapp\"><\/i>                            <\/div>\r\n\t\t\t\t\t\t\t<div class=\"content\">\r\n                                <h6>Whatsapp<\/h6>\r\n                                <p><a href=\"https:\/\/wa.me\/905302264020\" target=\"_blank\" rel=\"noopener\">Click Here to Send Message<\/a><\/p>\r\n                            <\/div>\r\n\t\t\t\t\t\t<\/li>\r\n\t\t\t\t\t\t\t\t\t\t\t<li>\r\n\t\t\t\t\t\t\t<div class=\"icon\">\r\n                                <i aria-hidden=\"true\" class=\"far fa-envelope\"><\/i>                            <\/div>\r\n\t\t\t\t\t\t\t<div class=\"content\">\r\n                                <h6>E-Mail<\/h6>\r\n                                <p><a href=\"mailto:info@maslakfiziktedavi.com\" target=\"_blank\"> info@maslakfiziktedavi.com<\/a><\/p>\r\n                            <\/div>\r\n\t\t\t\t\t\t<\/li>\r\n\t\t\t\t\t\t\t\t\t<\/ul>\r\n\t\t\t<\/div>\r\n        <\/div>\r\n    <\/div>\r\n    \t\t\t\t<\/div>\n\t\t\t\t<\/div>\n\t\t\t\t\t<\/div>\n\t\t<\/div>\n\t\t\t\t<div class=\"elementor-column elementor-col-66 elementor-top-column elementor-element elementor-element-3f014f9\" data-id=\"3f014f9\" data-element_type=\"column\" id=\"randevual\">\n\t\t\t<div class=\"elementor-widget-wrap elementor-element-populated\">\n\t\t\t\t\t\t<div class=\"elementor-element elementor-element-4952ff5 elementor-widget elementor-widget-heading\" data-id=\"4952ff5\" data-element_type=\"widget\" data-widget_type=\"heading.default\">\n\t\t\t\t\t<h3 class=\"elementor-heading-title elementor-size-default\">Appointment Form<\/h3>\t\t\t\t<\/div>\n\t\t\t\t<div class=\"elementor-element elementor-element-5acf00f elementor-widget elementor-widget-shortcode\" data-id=\"5acf00f\" data-element_type=\"widget\" data-widget_type=\"shortcode.default\">\n\t\t\t\t\t\t\t<div class=\"elementor-shortcode\">\n<div class=\"wpcf7 no-js\" id=\"wpcf7-f958-o1\" lang=\"en-US\" dir=\"ltr\" data-wpcf7-id=\"958\">\n<div class=\"screen-reader-response\"><p role=\"status\" aria-live=\"polite\" aria-atomic=\"true\"><\/p> <ul><\/ul><\/div>\n<form action=\"\/en\/wp-json\/wp\/v2\/pages\/925#wpcf7-f958-o1\" method=\"post\" class=\"wpcf7-form init\" aria-label=\"Contact form\" novalidate=\"novalidate\" data-status=\"init\" data-trp-original-action=\"\/en\/wp-json\/wp\/v2\/pages\/925#wpcf7-f958-o1\">\n<fieldset class=\"hidden-fields-container\"><input type=\"hidden\" name=\"_wpcf7\" value=\"958\" \/><input type=\"hidden\" name=\"_wpcf7_version\" value=\"6.1.3\" \/><input type=\"hidden\" name=\"_wpcf7_locale\" value=\"en_US\" \/><input type=\"hidden\" name=\"_wpcf7_unit_tag\" value=\"wpcf7-f958-o1\" \/><input type=\"hidden\" name=\"_wpcf7_container_post\" value=\"0\" \/><input type=\"hidden\" name=\"_wpcf7_posted_data_hash\" value=\"\" \/>\n<\/fieldset>\n<div class=\"cf_formw-flex main__form\">\n<div class=\"item\">\n<span class=\"wpcf7-form-control-wrap\" data-name=\"isim\"><input size=\"40\" maxlength=\"400\" class=\"wpcf7-form-control wpcf7-text wpcf7-validates-as-required\" aria-required=\"true\" aria-invalid=\"false\" placeholder=\"Name Surname\" value=\"\" type=\"text\" name=\"isim\" \/><\/span>    \n<\/div>\n<div class=\"item\">\n<span class=\"wpcf7-form-control-wrap\" data-name=\"tedavi\"><input size=\"40\" maxlength=\"400\" class=\"wpcf7-form-control wpcf7-text wpcf7-validates-as-required\" aria-required=\"true\" aria-invalid=\"false\" placeholder=\"Treatment\" value=\"\" type=\"text\" name=\"tedavi\" \/><\/span>\n<\/div>\n<div class=\"item\">\n<span class=\"wpcf7-form-control-wrap\" data-name=\"eposta\"><input size=\"40\" maxlength=\"400\" class=\"wpcf7-form-control wpcf7-email wpcf7-text wpcf7-validates-as-email\" aria-invalid=\"false\" placeholder=\"E-Mail\" value=\"\" type=\"email\" name=\"eposta\" \/><\/span>\n<\/div>\n<div class=\"item\">\n<span class=\"wpcf7-form-control-wrap\" data-name=\"telefon\"><input size=\"40\" maxlength=\"400\" class=\"wpcf7-form-control wpcf7-tel wpcf7-validates-as-required wpcf7-text wpcf7-validates-as-tel\" aria-required=\"true\" aria-invalid=\"false\" placeholder=\"Telephone\" value=\"\" type=\"tel\" name=\"telefon\" \/><\/span>\n<\/div>\n<div class=\"item message\">\n<span class=\"wpcf7-form-control-wrap\" data-name=\"mesaj\"><textarea cols=\"40\" rows=\"10\" maxlength=\"2000\" class=\"wpcf7-form-control wpcf7-textarea\" aria-invalid=\"false\" placeholder=\"Your message\" name=\"mesaj\"><\/textarea><\/span>\n<\/div>\n<\/div>\n<div class=\"subtmi-btn-booking\">\n\t\t<input\n\t\t\t\ttype=\"hidden\"\n\t\t\t\tclass=\"hcaptcha-widget-id\"\n\t\t\t\tname=\"hcaptcha-widget-id\"\n\t\t\t\tvalue=\"eyJzb3VyY2UiOltdLCJmb3JtX2lkIjowfQ==-f847b1d289b5424d237cd41ae49ada0f\">\n\t\t\t\t<h-captcha\n\t\t\tclass=\"h-captcha\"\n\t\t\tdata-sitekey=\"dcb0b1b8-fbc8-4da8-9b3a-9726af1c3ae0\"\n\t\t\tdata-theme=\"light\"\n\t\t\tdata-size=\"normal\"\n\t\t\tdata-auto=\"false\"\n\t\t\tdata-ajax=\"false\"\n\t\t\tdata-force=\"false\">\n\t\t<\/h-captcha>\n\t\t<input type=\"hidden\" id=\"hcaptcha_nonce\" name=\"hcaptcha_nonce\" value=\"f993ccb9da\" \/><input type=\"hidden\" name=\"_wp_http_referer\" value=\"\/en\/wp-json\/wp\/v2\/pages\/925\" \/>\n<button class=\"thm__btn\">SEND REQUEST<\/button>\n<\/div><div class=\"wpcf7-response-output\" aria-hidden=\"true\"><\/div>\n<input type=\"hidden\" name=\"trp-form-language\" value=\"en\"\/><\/form>\n<\/div>\n<\/div>\n\t\t\t\t\t\t<\/div>\n\t\t\t\t\t<\/div>\n\t\t<\/div>\n\t\t\t\t\t<\/div>\n\t\t<\/section>\n\t\t\t\t<section class=\"elementor-section elementor-top-section elementor-element elementor-element-09e7151 elementor-section-boxed elementor-section-height-default elementor-section-height-default\" data-id=\"09e7151\" data-element_type=\"section\">\n\t\t\t\t\t\t<div class=\"elementor-container elementor-column-gap-default\">\n\t\t\t\t\t<div class=\"elementor-column elementor-col-100 elementor-top-column elementor-element elementor-element-1be63a8\" data-id=\"1be63a8\" data-element_type=\"column\">\n\t\t\t<div class=\"elementor-widget-wrap elementor-element-populated\">\n\t\t\t\t\t\t<div class=\"elementor-element elementor-element-1011695 elementor-widget elementor-widget-google_maps\" data-id=\"1011695\" data-element_type=\"widget\" data-widget_type=\"google_maps.default\">\n\t\t\t\t\t\t\t<div class=\"elementor-custom-embed\">\n\t\t\t<iframe loading=\"lazy\"\n\t\t\t\t\tsrc=\"https:\/\/maps.google.com\/maps?q=Maslak%20Fizik%20Tedavi&#038;t=m&#038;z=15&#038;output=embed&#038;iwloc=near\"\n\t\t\t\t\ttitle=\"Maslak Physical Therapy\"\n\t\t\t\t\taria-label=\"Maslak Physical Therapy\"\n\t\t\t><\/iframe>\n\t\t<\/div>\n\t\t\t\t\t\t<\/div>\n\t\t\t\t\t<\/div>\n\t\t<\/div>\n\t\t\t\t\t<\/div>\n\t\t<\/section>\n\t\t\t\t<\/div>","protected":false},"excerpt":{"rendered":"<p>\u0130leti\u015fim Bilgileri Randevu ve bilgi almak i\u00e7in telefon, whatsapp, e-posta ve randevu formu ile bizimle ileti\u015fime ge\u00e7ebilirsiniz. Adres Maslak Meydan Sk. Beybi Giz Plaza No:1 D:2 Sar\u0131yer &#8211; \u0130stanbul Telefon 0530 226 40 20 0533 414 40 20 Whatsapp Mesaj Atmak \u0130\u00e7in T\u0131klay\u0131n\u0131z E-Posta info@maslakfiziktedavi.com Randevu Formu<\/p>","protected":false},"author":1,"featured_media":0,"parent":0,"menu_order":0,"comment_status":"closed","ping_status":"closed","template":"elementor_header_footer","meta":{"footnotes":""},"class_list":["post-925","page","type-page","status-publish","hentry"],"_links":{"self":[{"href":"https:\/\/maslakfiziktedavi.com\/en\/wp-json\/wp\/v2\/pages\/925","targetHints":{"allow":["GET"]}}],"collection":[{"href":"https:\/\/maslakfiziktedavi.com\/en\/wp-json\/wp\/v2\/pages"}],"about":[{"href":"https:\/\/maslakfiziktedavi.com\/en\/wp-json\/wp\/v2\/types\/page"}],"author":[{"embeddable":true,"href":"https:\/\/maslakfiziktedavi.com\/en\/wp-json\/wp\/v2\/users\/1"}],"replies":[{"embeddable":true,"href":"https:\/\/maslakfiziktedavi.com\/en\/wp-json\/wp\/v2\/comments?post=925"}],"version-history":[{"count":9,"href":"https:\/\/maslakfiziktedavi.com\/en\/wp-json\/wp\/v2\/pages\/925\/revisions"}],"predecessor-version":[{"id":7690,"href":"https:\/\/maslakfiziktedavi.com\/en\/wp-json\/wp\/v2\/pages\/925\/revisions\/7690"}],"wp:attachment":[{"href":"https:\/\/maslakfiziktedavi.com\/en\/wp-json\/wp\/v2\/media?parent=925"}],"curies":[{"name":"wp","href":"https:\/\/api.w.org\/{rel}","templated":true}]}}